{"id":1144,"date":"2022-11-30T15:16:22","date_gmt":"2022-11-30T15:16:22","guid":{"rendered":"https:\/\/www.medibelplus.be\/adticket\/"},"modified":"2022-12-15T15:27:32","modified_gmt":"2022-12-15T15:27:32","slug":"adticket","status":"publish","type":"page","link":"https:\/\/www.medibelplus.be\/fr\/adticket\/","title":{"rendered":"AdTicket"},"content":{"rendered":"<p>[et_pb_section fb_built=\u00a0\u00bb1&Prime; _builder_version=\u00a0\u00bb4.19.0&Prime; _module_preset=\u00a0\u00bbdefault\u00a0\u00bb global_colors_info=\u00a0\u00bb{}\u00a0\u00bb][et_pb_row column_structure=\u00a0\u00bb2_3,1_3&Prime; _builder_version=\u00a0\u00bb4.19.2&Prime; _module_preset=\u00a0\u00bbdefault\u00a0\u00bb global_colors_info=\u00a0\u00bb{}\u00a0\u00bb][et_pb_column type=\u00a0\u00bb2_3&Prime; _builder_version=\u00a0\u00bb4.19.0&Prime; _module_preset=\u00a0\u00bbdefault\u00a0\u00bb global_colors_info=\u00a0\u00bb{}\u00a0\u00bb][et_pb_text _builder_version=\u00a0\u00bb4.19.2&Prime; _module_preset=\u00a0\u00bbdefault\u00a0\u00bb custom_margin=\u00a0\u00bb||32px||false|false\u00a0\u00bb global_colors_info=\u00a0\u00bb{}\u00a0\u00bb]<\/p>\n<h2>AdTicket<\/h2>\n<p>[\/et_pb_text][et_pb_text _builder_version=\u00a0\u00bb4.19.3&Prime; _module_preset=\u00a0\u00bbdefault\u00a0\u00bb global_colors_info=\u00a0\u00bb{}\u00a0\u00bb]<\/p>\n<p>On a enfin d\u00e9velopp\u00e9 une solution qui rend le fax superflu!<\/p>\n<p>Jusqu&rsquo;\u00e0 pr\u00e9sent, beaucoup d&rsquo;agences envoyaient aux r\u00e9gies des fax avec les donn\u00e9es n\u00e9cessaires pour traiter les annonces (en format PDF).<br \/>\n    Medibel+ a fait d\u00e9velopper des logiciels qui le rendent possible d&rsquo;int\u00e9grer dans le PDF ces donn\u00e9es.\n<\/p>\n<p><strong>Qu&rsquo;est-ce qui a \u00e9t\u00e9 d\u00e9velopp\u00e9?<\/strong><br \/>Un \u2018AdTicket plug-in&rsquo;<\/p>\n<p><strong>Comment l&rsquo;info digitale est-elle int\u00e9gr\u00e9e dans le PDF?<\/strong><br \/>Par un \u2018AdTicket plug-in&rsquo; qui fonctionne dans Acrobat Professional 6.0\/7.0\/8.0 sous OSX. Avec ce plug-in, il est possible de g\u00e9n\u00e9rer un \u2018AdTicket&rsquo; et de l&rsquo;int\u00e9grer dans le PDF.<\/p>\n<p><strong>De quoi avez-vous besoin pour participer au projet \u2018AdTicket&rsquo; Medibel+ :<\/strong><\/p>\n<ul>\n<li>MAC OSX pour le \u2018AdTicket plug-in&rsquo;<\/li>\n<li>Acrobat 6.0 Professional, Acrobat 7.0 Professional of Acrobat 8.0 Professional<\/li>\n<\/ul>\n<p><strong>Comment installer le \u2018AdTicket plug-in&rsquo; (MAC OSX): \u201cMedibel.acroplugin.sit\u201d<\/strong><br \/><em>Le plug-in est un .sit fichier, unstuff le fichier<\/em><\/p>\n<ol>\n<li>Allez \u00e0 votre disque dure: s\u00e9lectionnez Acrobat 6.0\/7.0\/8.0 Professional<\/li>\n<li>Appuyez sur \u00ab Ctrl \u00bb et cliquez sur la souris<\/li>\n<\/ol>\n<p>[\/et_pb_text][et_pb_image src=\u00a0\u00bbhttps:\/\/www.medibelplus.be\/wp-content\/uploads\/2022\/11\/adticket_algemeen1.jpg\u00a0\u00bb title_text=\u00a0\u00bbadticket_algemeen1&Prime; _builder_version=\u00a0\u00bb4.19.2&Prime; _module_preset=\u00a0\u00bbdefault\u00a0\u00bb global_colors_info=\u00a0\u00bb{}\u00a0\u00bb][\/et_pb_image][et_pb_text _builder_version=\u00a0\u00bb4.19.3&Prime; _module_preset=\u00a0\u00bbdefault\u00a0\u00bb global_colors_info=\u00a0\u00bb{}\u00a0\u00bb]<\/p>\n<ol start=\"3\">\n<li>Vous voyez un nouvel \u00e9cran s&rsquo;ouvrir, cliquez sur \u00ab Show Package Contents \u00bb<\/li>\n<li>Vous voyez un nouvel \u00e9cran s&rsquo;ouvrir.<\/li>\n<\/ol>\n<p>[\/et_pb_text][et_pb_image src=\u00a0\u00bbhttps:\/\/www.medibelplus.be\/wp-content\/uploads\/2022\/11\/adticket_algemeen2.jpg\u00a0\u00bb title_text=\u00a0\u00bbadticket_algemeen2&Prime; _builder_version=\u00a0\u00bb4.19.2&Prime; _module_preset=\u00a0\u00bbdefault\u00a0\u00bb global_colors_info=\u00a0\u00bb{}\u00a0\u00bb][\/et_pb_image][et_pb_text _builder_version=\u00a0\u00bb4.19.3&Prime; _module_preset=\u00a0\u00bbdefault\u00a0\u00bb global_colors_info=\u00a0\u00bb{}\u00a0\u00bb]<\/p>\n<ol start=\"5\">\n<li><span>Cliquez sur \u00ab Contents \u00bb, ensuite sur \u00ab Plug-ins \u00bb<\/span><\/li>\n<li><span>Transmettez dans le dossier \u00ab Plug-ins \u00bb, fichier \u00ab Medibel.acroplugin \u00bb<\/span><\/li>\n<\/ol>\n<p>[\/et_pb_text][et_pb_image src=\u00a0\u00bbhttps:\/\/www.medibelplus.be\/wp-content\/uploads\/2022\/11\/adticket_algemeen3.jpg\u00a0\u00bb title_text=\u00a0\u00bbadticket_algemeen3&Prime; _builder_version=\u00a0\u00bb4.19.2&Prime; _module_preset=\u00a0\u00bbdefault\u00a0\u00bb global_colors_info=\u00a0\u00bb{}\u00a0\u00bb][\/et_pb_image][et_pb_text _builder_version=\u00a0\u00bb4.19.2&Prime; _module_preset=\u00a0\u00bbdefault\u00a0\u00bb global_colors_info=\u00a0\u00bb{}\u00a0\u00bb]<\/p>\n<p><strong>Ci-dessous, vous pouvez voir une visualisation du \u2018AdTicket Plug-in&rsquo;<br \/>\n<\/strong><br \/>JOBINFO:<\/p>\n<p>[\/et_pb_text][et_pb_image src=\u00a0\u00bbhttps:\/\/www.medibelplus.be\/wp-content\/uploads\/2022\/11\/adticket_algemeen4.jpg\u00a0\u00bb title_text=\u00a0\u00bbadticket_algemeen4&Prime; _builder_version=\u00a0\u00bb4.19.2&Prime; _module_preset=\u00a0\u00bbdefault\u00a0\u00bb global_colors_info=\u00a0\u00bb{}\u00a0\u00bb][\/et_pb_image][et_pb_text _builder_version=\u00a0\u00bb4.19.2&Prime; _module_preset=\u00a0\u00bbdefault\u00a0\u00bb global_colors_info=\u00a0\u00bb{}\u00a0\u00bb]<\/p>\n<p><span>EXTRA INFO:<\/span><\/p>\n<p>[\/et_pb_text][et_pb_image src=\u00a0\u00bbhttps:\/\/www.medibelplus.be\/wp-content\/uploads\/2022\/11\/adticket_algemeen5.jpg\u00a0\u00bb title_text=\u00a0\u00bbadticket_algemeen5&Prime; _builder_version=\u00a0\u00bb4.19.2&Prime; _module_preset=\u00a0\u00bbdefault\u00a0\u00bb global_colors_info=\u00a0\u00bb{}\u00a0\u00bb][\/et_pb_image][et_pb_text _builder_version=\u00a0\u00bb4.19.3&Prime; _module_preset=\u00a0\u00bbdefault\u00a0\u00bb hover_enabled=\u00a0\u00bb0&Prime; global_colors_info=\u00a0\u00bb{}\u00a0\u00bb sticky_enabled=\u00a0\u00bb0&Prime;]<\/p>\n<p>Pour de plus amples informations concernant la signification des champs, veuillez contacter nous au num\u00e9ro 078 05 07 05.<\/p>\n<p>Cliquez <a href=\"https:\/\/www.medibelplus.be\/wp-content\/uploads\/2022\/12\/basisinfo_F.ppt\">ici<\/a> pour un powerpoint avec plus d&rsquo;informations concernant le \u2018AdTicket&rsquo;. Quel est l&rsquo;objectif du \u2018AdTicket&rsquo;? Que signifient les champs?,\u2026<\/p>\n<p>[\/et_pb_text][\/et_pb_column][et_pb_column type=\u00a0\u00bb1_3&Prime; _builder_version=\u00a0\u00bb4.19.2&Prime; _module_preset=\u00a0\u00bbdefault\u00a0\u00bb border_color_all=\u00a0\u00bb#8b8b8b\u00a0\u00bb border_color_left=\u00a0\u00bb#8b8b8b\u00a0\u00bb global_colors_info=\u00a0\u00bb{}\u00a0\u00bb][et_pb_text _builder_version=\u00a0\u00bb4.19.2&Prime; _module_preset=\u00a0\u00bbc5f0f5e0-8cbf-4706-9ed8-35cfe1cad7ff\u00a0\u00bb text_font=\u00a0\u00bbOpen Sans|300|||||||\u00a0\u00bb link_font=\u00a0\u00bbOpen Sans|600|||||||\u00a0\u00bb link_line_height=\u00a0\u00bb2.5em\u00a0\u00bb background_color=\u00a0\u00bbrgba(66,192,213,0.1)\u00a0\u00bb custom_padding=\u00a0\u00bb16px|16px|16px|16px|true|true\u00a0\u00bb border_radii=\u00a0\u00bbon|10px|10px|10px|10px\u00a0\u00bb global_colors_info=\u00a0\u00bb{}\u00a0\u00bb link_text_color__hover=\u00a0\u00bb#3597ad\u00a0\u00bb]<\/p>\n<p><a href=\"https:\/\/www.medibelplus.be\/fr\/medibel-version-7\/\">Medibel+ version 7<\/a><br \/><a href=\"https:\/\/www.medibelplus.be\/fr\/pdf-x-plus-specifications\/\">PDF\/X plus specifications<\/a><br \/><a href=\"https:\/\/www.medibelplus.be\/fr\/console-vigc-output-essentials\/\">Console VIGC &lsquo;Output Essentials&rsquo;<\/a><br \/><a href=\"https:\/\/www.medibelplus.be\/fr\/aanleveren-materiaal\/\">Envoi du mat\u00e9riel<\/a><br \/><a href=\"https:\/\/www.medibelplus.be\/fr\/newspaper-standard\/\">Newspaper standard<\/a><br \/><a href=\"https:\/\/www.medibelplus.be\/fr\/magazine-standard\/\">Magazine standard<\/a><br \/><a href=\"https:\/\/www.medibelplus.be\/fr\/adticket-delivery-note\/\">AdTicket &amp; Delivery note<\/a><br \/><a href=\"https:\/\/www.medibelplus.be\/fr\/overprint-verification\/\">Overprint verification<\/a><br \/><a href=\"https:\/\/www.medibelplus.be\/fr\/standards-for-digital-photography\/\">Standards for Digital Photography<\/a><br \/><a href=\"https:\/\/www.medibelplus.be\/fr\/digitale-bewijsnummers\/\">Justificatifs num\u00e9riques<\/a><br \/><a href=\"https:\/\/www.medibelplus.be\/fr\/digitale-facturen\/\">Factures num\u00e9riques<\/a><\/p>\n<p><a class=\"custom-line-height\" href=\"https:\/\/www.medibelplus.be\/fr\/web-advertising-specifications\/\">Sp\u00e9cifications techniques pour le Web Advertising<\/a><\/p>\n<p>[\/et_pb_text][\/et_pb_column][\/et_pb_row][\/et_pb_section]<\/p>\n","protected":false},"excerpt":{"rendered":"<p>AdTicketOn a enfin d\u00e9velopp\u00e9 une solution qui rend le fax superflu! Jusqu&rsquo;\u00e0 pr\u00e9sent, beaucoup d&rsquo;agences envoyaient aux r\u00e9gies des fax avec les donn\u00e9es n\u00e9cessaires pour traiter les annonces (en format PDF). Medibel+ a fait d\u00e9velopper des logiciels qui le rendent possible d&rsquo;int\u00e9grer dans le PDF ces donn\u00e9es. Qu&rsquo;est-ce qui a \u00e9t\u00e9 d\u00e9velopp\u00e9?Un \u2018AdTicket plug-in&rsquo; Comment [&hellip;]<\/p>\n","protected":false},"author":1,"featured_media":0,"parent":0,"menu_order":0,"comment_status":"closed","ping_status":"closed","template":"","meta":{"_et_pb_use_builder":"on","_et_pb_old_content":"","_et_gb_content_width":"","footnotes":""},"class_list":["post-1144","page","type-page","status-publish","hentry"],"yoast_head":"<!-- This site is optimized with the Yoast SEO plugin v26.8 - https:\/\/yoast.com\/product\/yoast-seo-wordpress\/ -->\n<title>AdTicket - Medibel+<\/title>\n<meta name=\"robots\" content=\"index, follow, max-snippet:-1, max-image-preview:large, max-video-preview:-1\" \/>\n<link rel=\"canonical\" href=\"https:\/\/www.medibelplus.be\/adticket\/\" \/>\n<meta property=\"og:locale\" content=\"fr_FR\" \/>\n<meta property=\"og:type\" content=\"article\" \/>\n<meta property=\"og:title\" content=\"AdTicket - Medibel+\" \/>\n<meta property=\"og:description\" content=\"AdTicketOn a enfin d\u00e9velopp\u00e9 une solution qui rend le fax superflu! Jusqu&#039;\u00e0 pr\u00e9sent, beaucoup d&#039;agences envoyaient aux r\u00e9gies des fax avec les donn\u00e9es n\u00e9cessaires pour traiter les annonces (en format PDF). Medibel+ a fait d\u00e9velopper des logiciels qui le rendent possible d&#039;int\u00e9grer dans le PDF ces donn\u00e9es. Qu&#039;est-ce qui a \u00e9t\u00e9 d\u00e9velopp\u00e9?Un \u2018AdTicket plug-in&#039; Comment [&hellip;]\" \/>\n<meta property=\"og:url\" content=\"https:\/\/www.medibelplus.be\/adticket\/\" \/>\n<meta property=\"og:site_name\" content=\"Medibel+\" \/>\n<meta property=\"article:modified_time\" content=\"2022-12-15T15:27:32+00:00\" \/>\n<meta name=\"twitter:card\" content=\"summary_large_image\" \/>\n<meta name=\"twitter:label1\" content=\"Dur\u00e9e de lecture estim\u00e9e\" \/>\n\t<meta name=\"twitter:data1\" content=\"3 minutes\" \/>\n<script type=\"application\/ld+json\" class=\"yoast-schema-graph\">{\"@context\":\"https:\/\/schema.org\",\"@graph\":[{\"@type\":\"WebPage\",\"@id\":\"https:\/\/www.medibelplus.be\/adticket\/\",\"url\":\"https:\/\/www.medibelplus.be\/adticket\/\",\"name\":\"AdTicket - Medibel+\",\"isPartOf\":{\"@id\":\"https:\/\/www.medibelplus.be\/en\/#website\"},\"datePublished\":\"2022-11-30T15:16:22+00:00\",\"dateModified\":\"2022-12-15T15:27:32+00:00\",\"breadcrumb\":{\"@id\":\"https:\/\/www.medibelplus.be\/adticket\/#breadcrumb\"},\"inLanguage\":\"fr-FR\",\"potentialAction\":[{\"@type\":\"ReadAction\",\"target\":[\"https:\/\/www.medibelplus.be\/adticket\/\"]}]},{\"@type\":\"BreadcrumbList\",\"@id\":\"https:\/\/www.medibelplus.be\/adticket\/#breadcrumb\",\"itemListElement\":[{\"@type\":\"ListItem\",\"position\":1,\"name\":\"Home\",\"item\":\"https:\/\/www.medibelplus.be\/fr\/\"},{\"@type\":\"ListItem\",\"position\":2,\"name\":\"AdTicket\"}]},{\"@type\":\"WebSite\",\"@id\":\"https:\/\/www.medibelplus.be\/en\/#website\",\"url\":\"https:\/\/www.medibelplus.be\/en\/\",\"name\":\"Medibelplus\",\"description\":\"the edi project for the media branch in belgium\",\"publisher\":{\"@id\":\"https:\/\/www.medibelplus.be\/en\/#organization\"},\"potentialAction\":[{\"@type\":\"SearchAction\",\"target\":{\"@type\":\"EntryPoint\",\"urlTemplate\":\"https:\/\/www.medibelplus.be\/en\/?s={search_term_string}\"},\"query-input\":{\"@type\":\"PropertyValueSpecification\",\"valueRequired\":true,\"valueName\":\"search_term_string\"}}],\"inLanguage\":\"fr-FR\"},{\"@type\":\"Organization\",\"@id\":\"https:\/\/www.medibelplus.be\/en\/#organization\",\"name\":\"Medibelplus\",\"url\":\"https:\/\/www.medibelplus.be\/en\/\",\"logo\":{\"@type\":\"ImageObject\",\"inLanguage\":\"fr-FR\",\"@id\":\"https:\/\/www.medibelplus.be\/en\/#\/schema\/logo\/image\/\",\"url\":\"https:\/\/www.medibelplus.be\/wp-content\/uploads\/2022\/12\/medibel-logo.png\",\"contentUrl\":\"https:\/\/www.medibelplus.be\/wp-content\/uploads\/2022\/12\/medibel-logo.png\",\"width\":618,\"height\":131,\"caption\":\"Medibelplus\"},\"image\":{\"@id\":\"https:\/\/www.medibelplus.be\/en\/#\/schema\/logo\/image\/\"}}]}<\/script>\n<!-- \/ Yoast SEO plugin. -->","yoast_head_json":{"title":"AdTicket - Medibel+","robots":{"index":"index","follow":"follow","max-snippet":"max-snippet:-1","max-image-preview":"max-image-preview:large","max-video-preview":"max-video-preview:-1"},"canonical":"https:\/\/www.medibelplus.be\/adticket\/","og_locale":"fr_FR","og_type":"article","og_title":"AdTicket - Medibel+","og_description":"AdTicketOn a enfin d\u00e9velopp\u00e9 une solution qui rend le fax superflu! Jusqu'\u00e0 pr\u00e9sent, beaucoup d'agences envoyaient aux r\u00e9gies des fax avec les donn\u00e9es n\u00e9cessaires pour traiter les annonces (en format PDF). Medibel+ a fait d\u00e9velopper des logiciels qui le rendent possible d'int\u00e9grer dans le PDF ces donn\u00e9es. Qu'est-ce qui a \u00e9t\u00e9 d\u00e9velopp\u00e9?Un \u2018AdTicket plug-in' Comment [&hellip;]","og_url":"https:\/\/www.medibelplus.be\/adticket\/","og_site_name":"Medibel+","article_modified_time":"2022-12-15T15:27:32+00:00","twitter_card":"summary_large_image","twitter_misc":{"Dur\u00e9e de lecture estim\u00e9e":"3 minutes"},"schema":{"@context":"https:\/\/schema.org","@graph":[{"@type":"WebPage","@id":"https:\/\/www.medibelplus.be\/adticket\/","url":"https:\/\/www.medibelplus.be\/adticket\/","name":"AdTicket - Medibel+","isPartOf":{"@id":"https:\/\/www.medibelplus.be\/en\/#website"},"datePublished":"2022-11-30T15:16:22+00:00","dateModified":"2022-12-15T15:27:32+00:00","breadcrumb":{"@id":"https:\/\/www.medibelplus.be\/adticket\/#breadcrumb"},"inLanguage":"fr-FR","potentialAction":[{"@type":"ReadAction","target":["https:\/\/www.medibelplus.be\/adticket\/"]}]},{"@type":"BreadcrumbList","@id":"https:\/\/www.medibelplus.be\/adticket\/#breadcrumb","itemListElement":[{"@type":"ListItem","position":1,"name":"Home","item":"https:\/\/www.medibelplus.be\/fr\/"},{"@type":"ListItem","position":2,"name":"AdTicket"}]},{"@type":"WebSite","@id":"https:\/\/www.medibelplus.be\/en\/#website","url":"https:\/\/www.medibelplus.be\/en\/","name":"Medibelplus","description":"the edi project for the media branch in belgium","publisher":{"@id":"https:\/\/www.medibelplus.be\/en\/#organization"},"potentialAction":[{"@type":"SearchAction","target":{"@type":"EntryPoint","urlTemplate":"https:\/\/www.medibelplus.be\/en\/?s={search_term_string}"},"query-input":{"@type":"PropertyValueSpecification","valueRequired":true,"valueName":"search_term_string"}}],"inLanguage":"fr-FR"},{"@type":"Organization","@id":"https:\/\/www.medibelplus.be\/en\/#organization","name":"Medibelplus","url":"https:\/\/www.medibelplus.be\/en\/","logo":{"@type":"ImageObject","inLanguage":"fr-FR","@id":"https:\/\/www.medibelplus.be\/en\/#\/schema\/logo\/image\/","url":"https:\/\/www.medibelplus.be\/wp-content\/uploads\/2022\/12\/medibel-logo.png","contentUrl":"https:\/\/www.medibelplus.be\/wp-content\/uploads\/2022\/12\/medibel-logo.png","width":618,"height":131,"caption":"Medibelplus"},"image":{"@id":"https:\/\/www.medibelplus.be\/en\/#\/schema\/logo\/image\/"}}]}},"_links":{"self":[{"href":"https:\/\/www.medibelplus.be\/fr\/wp-json\/wp\/v2\/pages\/1144","targetHints":{"allow":["GET"]}}],"collection":[{"href":"https:\/\/www.medibelplus.be\/fr\/wp-json\/wp\/v2\/pages"}],"about":[{"href":"https:\/\/www.medibelplus.be\/fr\/wp-json\/wp\/v2\/types\/page"}],"author":[{"embeddable":true,"href":"https:\/\/www.medibelplus.be\/fr\/wp-json\/wp\/v2\/users\/1"}],"replies":[{"embeddable":true,"href":"https:\/\/www.medibelplus.be\/fr\/wp-json\/wp\/v2\/comments?post=1144"}],"version-history":[{"count":16,"href":"https:\/\/www.medibelplus.be\/fr\/wp-json\/wp\/v2\/pages\/1144\/revisions"}],"predecessor-version":[{"id":1938,"href":"https:\/\/www.medibelplus.be\/fr\/wp-json\/wp\/v2\/pages\/1144\/revisions\/1938"}],"wp:attachment":[{"href":"https:\/\/www.medibelplus.be\/fr\/wp-json\/wp\/v2\/media?parent=1144"}],"curies":[{"name":"wp","href":"https:\/\/api.w.org\/{rel}","templated":true}]}}